{"id":7143,"date":"2022-03-22T13:43:43","date_gmt":"2022-03-22T13:43:43","guid":{"rendered":"https:\/\/tftk.iau.usp.br\/en\/?page_id=7143"},"modified":"2022-09-03T01:46:04","modified_gmt":"2022-09-03T01:46:04","slug":"productionpedagogies","status":"publish","type":"page","link":"https:\/\/tftk.iau.usp.br\/en\/productionpedagogies\/","title":{"rendered":"Production Pedagogies"},"content":{"rendered":"\t\t<div data-elementor-type=\"wp-page\" data-elementor-id=\"7143\" class=\"elementor elementor-7143\">\n\t\t\t\t\t\t\t\t\t<section class=\"elementor-section elementor-top-section elementor-element elementor-element-4e3fcbb8 ct-section-stretched elementor-section-full_width elementor-section-height-min-height animated-slow elementor-section-height-default elementor-section-items-middle\" data-id=\"4e3fcbb8\" data-element_type=\"section\" data-settings=\"{&quot;background_background&quot;:&quot;slideshow&quot;,&quot;background_slideshow_gallery&quot;:[{&quot;id&quot;:7524,&quot;url&quot;:&quot;https:\\\/\\\/tftk.iau.usp.br\\\/en\\\/wp-content\\\/uploads\\\/2022\\\/03\\\/acervo_colecoes_5-3.jpg&quot;},{&quot;id&quot;:7523,&quot;url&quot;:&quot;https:\\\/\\\/tftk.iau.usp.br\\\/en\\\/wp-content\\\/uploads\\\/2022\\\/03\\\/acervo_colecoes_5-2.jpg&quot;},{&quot;id&quot;:7522,&quot;url&quot;:&quot;https:\\\/\\\/tftk.iau.usp.br\\\/en\\\/wp-content\\\/uploads\\\/2022\\\/03\\\/acervo_colecoes_5-1.jpg&quot;}],&quot;animation&quot;:&quot;none&quot;,&quot;background_slideshow_loop&quot;:&quot;yes&quot;,&quot;background_slideshow_slide_duration&quot;:5000,&quot;background_slideshow_slide_transition&quot;:&quot;fade&quot;,&quot;background_slideshow_transition_duration&quot;:500}\">\n\t\t\t\t\t\t\t<div class=\"elementor-background-overlay\"><\/div>\n\t\t\t\t\t\t\t<div class=\"elementor-container elementor-column-gap-default\">\n\t\t\t\t\t<div class=\"elementor-column elementor-col-100 elementor-top-column elementor-element elementor-element-6ffb7351\" data-id=\"6ffb7351\" data-element_type=\"column\" data-settings=\"{&quot;background_background&quot;:&quot;classic&quot;}\">\n\t\t\t<div class=\"elementor-widget-wrap\">\n\t\t\t\t\t\t\t\t\t<\/div>\n\t\t<\/div>\n\t\t\t\t\t\t\t<\/div>\n\t\t<\/section>\n\t\t\t\t<section class=\"elementor-section elementor-top-section elementor-element elementor-element-2fb2a1ba elementor-section-full_width elementor-section-height-default elementor-section-height-default\" data-id=\"2fb2a1ba\" data-element_type=\"section\" data-settings=\"{&quot;background_background&quot;:&quot;classic&quot;}\">\n\t\t\t\t\t\t<div class=\"elementor-container elementor-column-gap-default\">\n\t\t\t\t\t<div class=\"elementor-column elementor-col-100 elementor-top-column elementor-element elementor-element-6953f58a\" data-id=\"6953f58a\" data-element_type=\"column\" data-settings=\"{&quot;background_background&quot;:&quot;classic&quot;}\">\n\t\t\t<div class=\"elementor-widget-wrap elementor-element-populated\">\n\t\t\t\t\t\t\t\t<section class=\"elementor-section elementor-inner-section elementor-element elementor-element-61182e06 elementor-section-boxed elementor-section-height-default elementor-section-height-default elementor-invisible\" data-id=\"61182e06\" data-element_type=\"section\" data-settings=\"{&quot;animation&quot;:&quot;fadeIn&quot;,&quot;animation_delay&quot;:300}\">\n\t\t\t\t\t\t<div class=\"elementor-container elementor-column-gap-default\">\n\t\t\t\t\t<div class=\"elementor-column elementor-col-50 elementor-inner-column elementor-element elementor-element-3612ffe5\" data-id=\"3612ffe5\" data-element_type=\"column\">\n\t\t\t<div class=\"elementor-widget-wrap elementor-element-populated\">\n\t\t\t\t\t\t\t\t<div class=\"elementor-element elementor-element-b3ad5bb elementor-invisible elementor-widget elementor-widget-heading\" data-id=\"b3ad5bb\" data-element_type=\"widget\" data-settings=\"{&quot;_animation&quot;:&quot;slideInLeft&quot;,&quot;_animation_delay&quot;:300}\" data-widget_type=\"heading.default\">\n\t\t\t\t<div class=\"elementor-widget-container\">\n\t\t\t<style>\/*! elementor - v3.6.6 - 08-06-2022 *\/\n.elementor-heading-title{padding:0;margin:0;line-height:1}.elementor-widget-heading .elementor-heading-title[class*=elementor-size-]>a{color:inherit;font-size:inherit;line-height:inherit}.elementor-widget-heading .elementor-heading-title.elementor-size-small{font-size:15px}.elementor-widget-heading .elementor-heading-title.elementor-size-medium{font-size:19px}.elementor-widget-heading .elementor-heading-title.elementor-size-large{font-size:29px}.elementor-widget-heading .elementor-heading-title.elementor-size-xl{font-size:39px}.elementor-widget-heading .elementor-heading-title.elementor-size-xxl{font-size:59px}<\/style><h2 class=\"elementor-heading-title elementor-size-default\">Production Pedagogies<\/h2>\t\t<\/div>\n\t\t\t\t<\/div>\n\t\t\t\t\t<\/div>\n\t\t<\/div>\n\t\t\t\t<div class=\"elementor-column elementor-col-50 elementor-inner-column elementor-element elementor-element-419bffb6\" data-id=\"419bffb6\" data-element_type=\"column\">\n\t\t\t<div class=\"elementor-widget-wrap elementor-element-populated\">\n\t\t\t\t\t\t\t\t<div class=\"elementor-element elementor-element-613475d6 animated-slow elementor-invisible elementor-widget elementor-widget-text-editor\" data-id=\"613475d6\" data-element_type=\"widget\" data-settings=\"{&quot;_animation&quot;:&quot;fadeIn&quot;,&quot;_animation_delay&quot;:600}\" data-widget_type=\"text-editor.default\">\n\t\t\t\t<div class=\"elementor-widget-container\">\n\t\t\t<style>\/*! elementor - v3.6.6 - 08-06-2022 *\/\n.elementor-widget-text-editor.elementor-drop-cap-view-stacked .elementor-drop-cap{background-color:#818a91;color:#fff}.elementor-widget-text-editor.elementor-drop-cap-view-framed .elementor-drop-cap{color:#818a91;border:3px solid;background-color:transparent}.elementor-widget-text-editor:not(.elementor-drop-cap-view-default) .elementor-drop-cap{margin-top:8px}.elementor-widget-text-editor:not(.elementor-drop-cap-view-default) .elementor-drop-cap-letter{width:1em;height:1em}.elementor-widget-text-editor .elementor-drop-cap{float:left;text-align:center;line-height:1;font-size:50px}.elementor-widget-text-editor .elementor-drop-cap-letter{display:inline-block}<\/style>\t\t\t\t<p>Aqui apresentamos novo acervo multim\u00eddia com material in\u00e9dito ou pouco conhecido sobre experi\u00eancias pedag\u00f3gicas de produ\u00e7\u00e3o da arquitetura, em diferentes institui\u00e7\u00f5es, n\u00edveis e pa\u00edses, com textos, planos de aula, descri\u00e7\u00e3o de materiais did\u00e1ticos, fotografias, entrevistas, quando dispon\u00edveis, apresentando aos pesquisadores um rico material de consulta documental e de casos j\u00e1 estudados ou para poss\u00edveis estudos.<\/p>\t\t\t\t\t\t<\/div>\n\t\t\t\t<\/div>\n\t\t\t\t\t<\/div>\n\t\t<\/div>\n\t\t\t\t\t\t\t<\/div>\n\t\t<\/section>\n\t\t\t\t<section class=\"elementor-section elementor-inner-section elementor-element elementor-element-2ed5a6ba elementor-section-boxed elementor-section-height-default elementor-section-height-default elementor-invisible\" data-id=\"2ed5a6ba\" data-element_type=\"section\" data-settings=\"{&quot;animation&quot;:&quot;fadeIn&quot;,&quot;animation_delay&quot;:300}\">\n\t\t\t\t\t\t<div class=\"elementor-container elementor-column-gap-default\">\n\t\t\t\t\t<div class=\"elementor-column elementor-col-50 elementor-inner-column elementor-element elementor-element-5319295b\" data-id=\"5319295b\" data-element_type=\"column\">\n\t\t\t<div class=\"elementor-widget-wrap\">\n\t\t\t\t\t\t\t\t\t<\/div>\n\t\t<\/div>\n\t\t\t\t<div class=\"elementor-column elementor-col-50 elementor-inner-column elementor-element elementor-element-d66e021\" data-id=\"d66e021\" data-element_type=\"column\">\n\t\t\t<div class=\"elementor-widget-wrap elementor-element-populated\">\n\t\t\t\t\t\t\t\t<div class=\"elementor-element elementor-element-3123f093 elementor-invisible elementor-widget elementor-widget-heading\" data-id=\"3123f093\" data-element_type=\"widget\" data-settings=\"{&quot;_animation&quot;:&quot;slideInLeft&quot;,&quot;_animation_delay&quot;:300}\" data-widget_type=\"heading.default\">\n\t\t\t\t<div class=\"elementor-widget-container\">\n\t\t\t<h4 class=\"elementor-heading-title elementor-size-default\">sub-collections\n<\/h4>\t\t<\/div>\n\t\t\t\t<\/div>\n\t\t\t\t<div class=\"elementor-element elementor-element-489337bc btn-acervo elementor-invisible elementor-widget elementor-widget-button\" data-id=\"489337bc\" data-element_type=\"widget\" data-settings=\"{&quot;_animation&quot;:&quot;slideInLeft&quot;}\" data-widget_type=\"button.default\">\n\t\t\t\t<div class=\"elementor-widget-container\">\n\t\t\t\t\t<div class=\"elementor-button-wrapper\">\n\t\t\t<a href=\"https:\/\/tftk.iau.usp.br\/en\/production-pedagogies\" class=\"elementor-button-link elementor-button elementor-size-sm\" role=\"button\">\n\t\t\t\t\t\t<span class=\"elementor-button-content-wrapper\">\n\t\t\t\t\t\t<span class=\"elementor-button-text\">Production Pedagogies<\/span>\n\t\t<\/span>\n\t\t\t\t\t<\/a>\n\t\t<\/div>\n\t\t\t\t<\/div>\n\t\t\t\t<\/div>\n\t\t\t\t\t<\/div>\n\t\t<\/div>\n\t\t\t\t\t\t\t<\/div>\n\t\t<\/section>\n\t\t\t\t\t<\/div>\n\t\t<\/div>\n\t\t\t\t\t\t\t<\/div>\n\t\t<\/section>\n\t\t\t\t<section class=\"elementor-section elementor-top-section elementor-element elementor-element-15b1d2c elementor-section-full_width elementor-section-height-default elementor-section-height-default elementor-invisible\" data-id=\"15b1d2c\" data-element_type=\"section\" data-settings=\"{&quot;background_background&quot;:&quot;classic&quot;,&quot;animation&quot;:&quot;fadeInDown&quot;}\">\n\t\t\t\t\t\t<div class=\"elementor-container elementor-column-gap-default\">\n\t\t\t\t\t<div class=\"elementor-column elementor-col-50 elementor-top-column elementor-element elementor-element-4a2dfeb9\" data-id=\"4a2dfeb9\" data-element_type=\"column\">\n\t\t\t<div class=\"elementor-widget-wrap elementor-element-populated\">\n\t\t\t\t\t\t\t\t<div class=\"elementor-element elementor-element-4e4f3794 elementor-widget elementor-widget-image\" data-id=\"4e4f3794\" data-element_type=\"widget\" data-widget_type=\"image.default\">\n\t\t\t\t<div class=\"elementor-widget-container\">\n\t\t\t<style>\/*! elementor - v3.6.6 - 08-06-2022 *\/\n.elementor-widget-image{text-align:center}.elementor-widget-image a{display:inline-block}.elementor-widget-image a img[src$=\".svg\"]{width:48px}.elementor-widget-image img{vertical-align:middle;display:inline-block}<\/style>\t\t\t\t\t\t\t\t\t\t\t\t<img loading=\"lazy\" decoding=\"async\" width=\"2000\" height=\"625\" src=\"https:\/\/tftk.iau.usp.br\/en\/wp-content\/uploads\/2022\/03\/acervo_colecoes_5-5.jpg\" class=\"attachment-full size-full\" alt=\"\" srcset=\"https:\/\/tftk.iau.usp.br\/en\/wp-content\/uploads\/2022\/03\/acervo_colecoes_5-5.jpg 2000w, https:\/\/tftk.iau.usp.br\/en\/wp-content\/uploads\/2022\/03\/acervo_colecoes_5-5-300x94.jpg 300w, https:\/\/tftk.iau.usp.br\/en\/wp-content\/uploads\/2022\/03\/acervo_colecoes_5-5-1024x320.jpg 1024w, https:\/\/tftk.iau.usp.br\/en\/wp-content\/uploads\/2022\/03\/acervo_colecoes_5-5-768x240.jpg 768w, https:\/\/tftk.iau.usp.br\/en\/wp-content\/uploads\/2022\/03\/acervo_colecoes_5-5-1536x480.jpg 1536w, https:\/\/tftk.iau.usp.br\/en\/wp-content\/uploads\/2022\/03\/acervo_colecoes_5-5-205x64.jpg 205w\" sizes=\"auto, (max-width: 2000px) 100vw, 2000px\" \/>\t\t\t\t\t\t\t\t\t\t\t\t\t\t\t<\/div>\n\t\t\t\t<\/div>\n\t\t\t\t\t<\/div>\n\t\t<\/div>\n\t\t\t\t<div class=\"elementor-column elementor-col-50 elementor-top-column elementor-element elementor-element-55e5f186\" data-id=\"55e5f186\" data-element_type=\"column\">\n\t\t\t<div class=\"elementor-widget-wrap elementor-element-populated\">\n\t\t\t\t\t\t\t\t<div class=\"elementor-element elementor-element-6c3e2521 elementor-widget elementor-widget-image\" data-id=\"6c3e2521\" data-element_type=\"widget\" data-widget_type=\"image.default\">\n\t\t\t\t<div class=\"elementor-widget-container\">\n\t\t\t\t\t\t\t\t\t\t\t\t\t\t\t<img loading=\"lazy\" decoding=\"async\" width=\"2000\" height=\"625\" src=\"https:\/\/tftk.iau.usp.br\/en\/wp-content\/uploads\/2022\/03\/acervo_colecoes_5-4.jpg\" class=\"attachment-full size-full\" alt=\"\" srcset=\"https:\/\/tftk.iau.usp.br\/en\/wp-content\/uploads\/2022\/03\/acervo_colecoes_5-4.jpg 2000w, https:\/\/tftk.iau.usp.br\/en\/wp-content\/uploads\/2022\/03\/acervo_colecoes_5-4-300x94.jpg 300w, https:\/\/tftk.iau.usp.br\/en\/wp-content\/uploads\/2022\/03\/acervo_colecoes_5-4-1024x320.jpg 1024w, https:\/\/tftk.iau.usp.br\/en\/wp-content\/uploads\/2022\/03\/acervo_colecoes_5-4-768x240.jpg 768w, https:\/\/tftk.iau.usp.br\/en\/wp-content\/uploads\/2022\/03\/acervo_colecoes_5-4-1536x480.jpg 1536w, https:\/\/tftk.iau.usp.br\/en\/wp-content\/uploads\/2022\/03\/acervo_colecoes_5-4-205x64.jpg 205w\" sizes=\"auto, (max-width: 2000px) 100vw, 2000px\" \/>\t\t\t\t\t\t\t\t\t\t\t\t\t\t\t<\/div>\n\t\t\t\t<\/div>\n\t\t\t\t\t<\/div>\n\t\t<\/div>\n\t\t\t\t\t\t\t<\/div>\n\t\t<\/section>\n\t\t\t\t\t\t\t<\/div>\n\t\t","protected":false},"excerpt":{"rendered":"<p>Production Pedagogies Aqui apresentamos novo acervo multim\u00eddia com material in\u00e9dito ou pouco conhecido sobre experi\u00eancias pedag\u00f3gicas de produ\u00e7\u00e3o da arquitetura, em diferentes institui\u00e7\u00f5es, n\u00edveis e pa\u00edses, com textos, planos de aula, descri\u00e7\u00e3o de materiais did\u00e1ticos, fotografias, entrevistas, quando dispon\u00edveis, apresentando aos pesquisadores um rico material de consulta documental e de casos j\u00e1 estudados ou para poss\u00edveis estudos. sub-collections Production Pedagogies<\/p>\n","protected":false},"author":1,"featured_media":0,"parent":0,"menu_order":0,"comment_status":"closed","ping_status":"closed","template":"elementor_header_footer","meta":{"footnotes":""},"tnc_tax_2163":[],"class_list":["post-7143","page","type-page","status-publish","hentry"],"blocksy_meta":{"styles_descriptor":{"styles":{"desktop":"","tablet":"","mobile":""},"google_fonts":[],"version":5}},"_links":{"self":[{"href":"https:\/\/tftk.iau.usp.br\/en\/wp-json\/wp\/v2\/pages\/7143","targetHints":{"allow":["GET"]}}],"collection":[{"href":"https:\/\/tftk.iau.usp.br\/en\/wp-json\/wp\/v2\/pages"}],"about":[{"href":"https:\/\/tftk.iau.usp.br\/en\/wp-json\/wp\/v2\/types\/page"}],"author":[{"embeddable":true,"href":"https:\/\/tftk.iau.usp.br\/en\/wp-json\/wp\/v2\/users\/1"}],"replies":[{"embeddable":true,"href":"https:\/\/tftk.iau.usp.br\/en\/wp-json\/wp\/v2\/comments?post=7143"}],"version-history":[{"count":16,"href":"https:\/\/tftk.iau.usp.br\/en\/wp-json\/wp\/v2\/pages\/7143\/revisions"}],"predecessor-version":[{"id":9751,"href":"https:\/\/tftk.iau.usp.br\/en\/wp-json\/wp\/v2\/pages\/7143\/revisions\/9751"}],"wp:attachment":[{"href":"https:\/\/tftk.iau.usp.br\/en\/wp-json\/wp\/v2\/media?parent=7143"}],"wp:term":[{"taxonomy":"tnc_tax_2163","embeddable":true,"href":"https:\/\/tftk.iau.usp.br\/en\/wp-json\/wp\/v2\/tnc_tax_2163?post=7143"}],"curies":[{"name":"wp","href":"https:\/\/api.w.org\/{rel}","templated":true}]}}